{"id":90,"date":"2024-04-15T16:32:07","date_gmt":"2024-04-15T14:32:07","guid":{"rendered":"https:\/\/spcpg.lu\/?page_id=90"},"modified":"2024-04-15T17:02:18","modified_gmt":"2024-04-15T15:02:18","slug":"willkommen","status":"publish","type":"page","link":"https:\/\/spcpg.lu\/index.php\/willkommen\/","title":{"rendered":"Willkommen"},"content":{"rendered":"\n<figure class=\"wp-block-image\"><img decoding=\"async\" src=\"https:\/\/spcpg.lu\/wp-content\/uploads\/2024\/04\/spcpg.webp\" alt=\"\" class=\"wp-image-9\"\/><\/figure>\n\n\n\n<p>Die SPCPG besteht in ihrer aktuellen Form seit 2002. Das Ziel der Gewerkschaft ist es, die beruflichen Interessen des zivilen Personals der Police Grand-Ducale zu vertreten, unabh\u00e4ngig von Karriere und Rang.<\/p>\n\n\n\n<p>1995 wurde die erste Personalvertretung in diesem Sinne gegr\u00fcndet. Die Association du Personnel Civil de la Gendarmerie et de la Police (APCGP) ist der Vorg\u00e4nger der aktuellen SPCPG. Nach der Fusion von Gendarmerie und Polizei im Jahr 2000 wurde auch der Name der Gewerkschaft ge\u00e4ndert, um nun Association du Personnel Civil de la Police Grand-Ducale (APCPG) zu hei\u00dfen. Die Statuten haben sich bis auf den Namen nicht ge\u00e4ndert, und unser Ziel bleibt bestehend.<\/p>\n\n\n\n<p>Im Jahr 2002 wurde daher aus der APCPG der Syndicat du Personnel Civil de la Police Grand-Ducale (SPCPG).<\/p>\n\n\n\n<div class=\"column\"><a href=\"index.php\"><img decoding=\"async\" style=\"width: 10%;\" src=\"https:\/\/spcpg.lu\/wp-content\/uploads\/2024\/04\/luxembourg-flag-png-large.jpg\" alt=\"Luxembourgish\"><\/a>&nbsp; <a href=\"index.php\/willkommen\"><img decoding=\"async\" style=\"width: 10%;\" src=\"https:\/\/spcpg.lu\/wp-content\/uploads\/2024\/04\/germany-flag-png-large.jpg\" alt=\"German\"><\/a>&nbsp; <a href=\"index.php\/bienvenue\"><img decoding=\"async\" style=\"width: 10%;\" src=\"https:\/\/spcpg.lu\/wp-content\/uploads\/2024\/04\/france-flag-png-large.jpg\" alt=\"French\"><\/a><\/div>\n","protected":false},"excerpt":{"rendered":"<p>Die SPCPG besteht in ihrer aktuellen Form seit 2002. Das Ziel der Gewerkschaft ist es, die beruflichen Interessen des zivilen Personals der Police Grand-Ducale zu vertreten, unabh\u00e4ngig von Karriere und Rang. 1995 wurde die erste &hellip;<\/p>\n","protected":false},"author":2,"featured_media":0,"parent":0,"menu_order":0,"comment_status":"closed","ping_status":"closed","template":"","meta":{"footnotes":""},"class_list":["post-90","page","type-page","status-publish","hentry"],"yoast_head":"<!-- This site is optimized with the Yoast SEO plugin v27.6 - https:\/\/yoast.com\/product\/yoast-seo-wordpress\/ -->\n<title>Willkommen - SPCPG<\/title>\n<meta name=\"robots\" content=\"index, follow, max-snippet:-1, max-image-preview:large, max-video-preview:-1\" \/>\n<link rel=\"canonical\" href=\"https:\/\/spcpg.lu\/index.php\/willkommen\/\" \/>\n<meta property=\"og:locale\" content=\"de_DE\" \/>\n<meta property=\"og:type\" content=\"article\" \/>\n<meta property=\"og:title\" content=\"Willkommen - SPCPG\" \/>\n<meta property=\"og:description\" content=\"Die SPCPG besteht in ihrer aktuellen Form seit 2002. Das Ziel der Gewerkschaft ist es, die beruflichen Interessen des zivilen Personals der Police Grand-Ducale zu vertreten, unabh\u00e4ngig von Karriere und Rang. 1995 wurde die erste &hellip;\" \/>\n<meta property=\"og:url\" content=\"https:\/\/spcpg.lu\/index.php\/willkommen\/\" \/>\n<meta property=\"og:site_name\" content=\"SPCPG\" \/>\n<meta property=\"article:modified_time\" content=\"2024-04-15T15:02:18+00:00\" \/>\n<meta property=\"og:image\" content=\"https:\/\/spcpg.lu\/wp-content\/uploads\/2024\/04\/spcpg.webp\" \/>\n<meta name=\"twitter:card\" content=\"summary_large_image\" \/>\n<meta name=\"twitter:label1\" content=\"Gesch\u00e4tzte Lesezeit\" \/>\n\t<meta name=\"twitter:data1\" content=\"2\u00a0Minuten\" \/>\n<script type=\"application\/ld+json\" class=\"yoast-schema-graph\">{\"@context\":\"https:\\\/\\\/schema.org\",\"@graph\":[{\"@type\":\"WebPage\",\"@id\":\"https:\\\/\\\/spcpg.lu\\\/index.php\\\/willkommen\\\/\",\"url\":\"https:\\\/\\\/spcpg.lu\\\/index.php\\\/willkommen\\\/\",\"name\":\"Willkommen - SPCPG\",\"isPartOf\":{\"@id\":\"https:\\\/\\\/spcpg.lu\\\/#website\"},\"primaryImageOfPage\":{\"@id\":\"https:\\\/\\\/spcpg.lu\\\/index.php\\\/willkommen\\\/#primaryimage\"},\"image\":{\"@id\":\"https:\\\/\\\/spcpg.lu\\\/index.php\\\/willkommen\\\/#primaryimage\"},\"thumbnailUrl\":\"https:\\\/\\\/spcpg.lu\\\/wp-content\\\/uploads\\\/2024\\\/04\\\/spcpg.webp\",\"datePublished\":\"2024-04-15T14:32:07+00:00\",\"dateModified\":\"2024-04-15T15:02:18+00:00\",\"breadcrumb\":{\"@id\":\"https:\\\/\\\/spcpg.lu\\\/index.php\\\/willkommen\\\/#breadcrumb\"},\"inLanguage\":\"de\",\"potentialAction\":[{\"@type\":\"ReadAction\",\"target\":[\"https:\\\/\\\/spcpg.lu\\\/index.php\\\/willkommen\\\/\"]}]},{\"@type\":\"ImageObject\",\"inLanguage\":\"de\",\"@id\":\"https:\\\/\\\/spcpg.lu\\\/index.php\\\/willkommen\\\/#primaryimage\",\"url\":\"\",\"contentUrl\":\"\"},{\"@type\":\"BreadcrumbList\",\"@id\":\"https:\\\/\\\/spcpg.lu\\\/index.php\\\/willkommen\\\/#breadcrumb\",\"itemListElement\":[{\"@type\":\"ListItem\",\"position\":1,\"name\":\"Startseite\",\"item\":\"https:\\\/\\\/spcpg.lu\\\/\"},{\"@type\":\"ListItem\",\"position\":2,\"name\":\"Willkommen\"}]},{\"@type\":\"WebSite\",\"@id\":\"https:\\\/\\\/spcpg.lu\\\/#website\",\"url\":\"https:\\\/\\\/spcpg.lu\\\/\",\"name\":\"SPCPG\",\"description\":\"Syndicat du Personnel Civil de la Police Grand-Ducale\",\"publisher\":{\"@id\":\"https:\\\/\\\/spcpg.lu\\\/#organization\"},\"potentialAction\":[{\"@type\":\"SearchAction\",\"target\":{\"@type\":\"EntryPoint\",\"urlTemplate\":\"https:\\\/\\\/spcpg.lu\\\/?s={search_term_string}\"},\"query-input\":{\"@type\":\"PropertyValueSpecification\",\"valueRequired\":true,\"valueName\":\"search_term_string\"}}],\"inLanguage\":\"de\"},{\"@type\":\"Organization\",\"@id\":\"https:\\\/\\\/spcpg.lu\\\/#organization\",\"name\":\"SPCPG\",\"url\":\"https:\\\/\\\/spcpg.lu\\\/\",\"logo\":{\"@type\":\"ImageObject\",\"inLanguage\":\"de\",\"@id\":\"https:\\\/\\\/spcpg.lu\\\/#\\\/schema\\\/logo\\\/image\\\/\",\"url\":\"https:\\\/\\\/spcpg.lu\\\/wp-content\\\/uploads\\\/2024\\\/04\\\/cropped-cropped-spcpg-1.webp\",\"contentUrl\":\"https:\\\/\\\/spcpg.lu\\\/wp-content\\\/uploads\\\/2024\\\/04\\\/cropped-cropped-spcpg-1.webp\",\"width\":424,\"height\":243,\"caption\":\"SPCPG\"},\"image\":{\"@id\":\"https:\\\/\\\/spcpg.lu\\\/#\\\/schema\\\/logo\\\/image\\\/\"}}]}<\/script>\n<!-- \/ Yoast SEO plugin. -->","yoast_head_json":{"title":"Willkommen - SPCPG","robots":{"index":"index","follow":"follow","max-snippet":"max-snippet:-1","max-image-preview":"max-image-preview:large","max-video-preview":"max-video-preview:-1"},"canonical":"https:\/\/spcpg.lu\/index.php\/willkommen\/","og_locale":"de_DE","og_type":"article","og_title":"Willkommen - SPCPG","og_description":"Die SPCPG besteht in ihrer aktuellen Form seit 2002. Das Ziel der Gewerkschaft ist es, die beruflichen Interessen des zivilen Personals der Police Grand-Ducale zu vertreten, unabh\u00e4ngig von Karriere und Rang. 1995 wurde die erste &hellip;","og_url":"https:\/\/spcpg.lu\/index.php\/willkommen\/","og_site_name":"SPCPG","article_modified_time":"2024-04-15T15:02:18+00:00","og_image":[{"url":"https:\/\/spcpg.lu\/wp-content\/uploads\/2024\/04\/spcpg.webp","type":"","width":"","height":""}],"twitter_card":"summary_large_image","twitter_misc":{"Gesch\u00e4tzte Lesezeit":"2\u00a0Minuten"},"schema":{"@context":"https:\/\/schema.org","@graph":[{"@type":"WebPage","@id":"https:\/\/spcpg.lu\/index.php\/willkommen\/","url":"https:\/\/spcpg.lu\/index.php\/willkommen\/","name":"Willkommen - SPCPG","isPartOf":{"@id":"https:\/\/spcpg.lu\/#website"},"primaryImageOfPage":{"@id":"https:\/\/spcpg.lu\/index.php\/willkommen\/#primaryimage"},"image":{"@id":"https:\/\/spcpg.lu\/index.php\/willkommen\/#primaryimage"},"thumbnailUrl":"https:\/\/spcpg.lu\/wp-content\/uploads\/2024\/04\/spcpg.webp","datePublished":"2024-04-15T14:32:07+00:00","dateModified":"2024-04-15T15:02:18+00:00","breadcrumb":{"@id":"https:\/\/spcpg.lu\/index.php\/willkommen\/#breadcrumb"},"inLanguage":"de","potentialAction":[{"@type":"ReadAction","target":["https:\/\/spcpg.lu\/index.php\/willkommen\/"]}]},{"@type":"ImageObject","inLanguage":"de","@id":"https:\/\/spcpg.lu\/index.php\/willkommen\/#primaryimage","url":"","contentUrl":""},{"@type":"BreadcrumbList","@id":"https:\/\/spcpg.lu\/index.php\/willkommen\/#breadcrumb","itemListElement":[{"@type":"ListItem","position":1,"name":"Startseite","item":"https:\/\/spcpg.lu\/"},{"@type":"ListItem","position":2,"name":"Willkommen"}]},{"@type":"WebSite","@id":"https:\/\/spcpg.lu\/#website","url":"https:\/\/spcpg.lu\/","name":"SPCPG","description":"Syndicat du Personnel Civil de la Police Grand-Ducale","publisher":{"@id":"https:\/\/spcpg.lu\/#organization"},"potentialAction":[{"@type":"SearchAction","target":{"@type":"EntryPoint","urlTemplate":"https:\/\/spcpg.lu\/?s={search_term_string}"},"query-input":{"@type":"PropertyValueSpecification","valueRequired":true,"valueName":"search_term_string"}}],"inLanguage":"de"},{"@type":"Organization","@id":"https:\/\/spcpg.lu\/#organization","name":"SPCPG","url":"https:\/\/spcpg.lu\/","logo":{"@type":"ImageObject","inLanguage":"de","@id":"https:\/\/spcpg.lu\/#\/schema\/logo\/image\/","url":"https:\/\/spcpg.lu\/wp-content\/uploads\/2024\/04\/cropped-cropped-spcpg-1.webp","contentUrl":"https:\/\/spcpg.lu\/wp-content\/uploads\/2024\/04\/cropped-cropped-spcpg-1.webp","width":424,"height":243,"caption":"SPCPG"},"image":{"@id":"https:\/\/spcpg.lu\/#\/schema\/logo\/image\/"}}]}},"_links":{"self":[{"href":"https:\/\/spcpg.lu\/index.php\/wp-json\/wp\/v2\/pages\/90","targetHints":{"allow":["GET"]}}],"collection":[{"href":"https:\/\/spcpg.lu\/index.php\/wp-json\/wp\/v2\/pages"}],"about":[{"href":"https:\/\/spcpg.lu\/index.php\/wp-json\/wp\/v2\/types\/page"}],"author":[{"embeddable":true,"href":"https:\/\/spcpg.lu\/index.php\/wp-json\/wp\/v2\/users\/2"}],"replies":[{"embeddable":true,"href":"https:\/\/spcpg.lu\/index.php\/wp-json\/wp\/v2\/comments?post=90"}],"version-history":[{"count":6,"href":"https:\/\/spcpg.lu\/index.php\/wp-json\/wp\/v2\/pages\/90\/revisions"}],"predecessor-version":[{"id":103,"href":"https:\/\/spcpg.lu\/index.php\/wp-json\/wp\/v2\/pages\/90\/revisions\/103"}],"wp:attachment":[{"href":"https:\/\/spcpg.lu\/index.php\/wp-json\/wp\/v2\/media?parent=90"}],"curies":[{"name":"wp","href":"https:\/\/api.w.org\/{rel}","templated":true}]}}