{"id":37,"date":"2024-04-05T05:50:26","date_gmt":"2024-04-05T03:50:26","guid":{"rendered":"https:\/\/spcpg.lu\/?page_id=37"},"modified":"2024-05-02T14:55:36","modified_gmt":"2024-05-02T12:55:36","slug":"kontakt-spcpg","status":"publish","type":"page","link":"https:\/\/spcpg.lu\/index.php\/kontakt-spcpg\/","title":{"rendered":"Kontakt SPCPG"},"content":{"rendered":"<div class=\"wp-block-image\">\n<figure class=\"aligncenter size-full\"><img loading=\"lazy\" decoding=\"async\" width=\"250\" height=\"165\" src=\"https:\/\/spcpg.lu\/wp-content\/uploads\/2024\/04\/contact-us-250px.jpg\" alt=\"\" class=\"wp-image-53\" srcset=\"https:\/\/spcpg.lu\/wp-content\/uploads\/2024\/04\/contact-us-250px.jpg 250w, https:\/\/spcpg.lu\/wp-content\/uploads\/2024\/04\/contact-us-250px-120x80.jpg 120w\" sizes=\"auto, (max-width: 250px) 100vw, 250px\" \/><\/figure>\n<\/div>\n\n\n<p>Fir Member ze ginn, kennt Dir direkt den Bulletin d&#8217;adhesion b\u00e4i eis ufroen.<\/p>\n\n\n\n<h2 class=\"wp-block-heading has-text-align-left\">Kontakt\u00e9ier den SPCPG<\/h2>\n\n\n\n<p>Syndicat du Personnel Civil de la Police Grand-Ducale<br>Cit\u00e9 Polici\u00e8re Grand-Duc Henri, Complexe A<br>Rue de Tr\u00eaves<br>L-2632 Findel<\/p>\n\n\n\n<div class=\"wp-block-contact-form-7-contact-form-selector\">\n<div class=\"wpcf7 no-js\" id=\"wpcf7-f5-o1\" lang=\"de-DE\" dir=\"ltr\" data-wpcf7-id=\"5\">\n<div class=\"screen-reader-response\"><p role=\"status\" aria-live=\"polite\" aria-atomic=\"true\"><\/p> <ul><\/ul><\/div>\n<form action=\"\/index.php\/wp-json\/wp\/v2\/pages\/37#wpcf7-f5-o1\" method=\"post\" class=\"wpcf7-form init\" aria-label=\"Kontaktformular\" novalidate=\"novalidate\" data-status=\"init\">\n<fieldset class=\"hidden-fields-container\"><input type=\"hidden\" name=\"_wpcf7\" value=\"5\" \/><input type=\"hidden\" name=\"_wpcf7_version\" value=\"6.1.6\" \/><input type=\"hidden\" name=\"_wpcf7_locale\" value=\"de_DE\" \/><input type=\"hidden\" name=\"_wpcf7_unit_tag\" value=\"wpcf7-f5-o1\" \/><input type=\"hidden\" name=\"_wpcf7_container_post\" value=\"0\" \/><input type=\"hidden\" name=\"_wpcf7_posted_data_hash\" value=\"\" \/>\n<\/fieldset>\n<p><label> Dein Name<br \/>\n<span class=\"wpcf7-form-control-wrap\" data-name=\"your-name\"><input size=\"40\" maxlength=\"400\" class=\"wpcf7-form-control wpcf7-text wpcf7-validates-as-required\" autocomplete=\"name\" aria-required=\"true\" aria-invalid=\"false\" value=\"\" type=\"text\" name=\"your-name\" \/><\/span> <\/label>\n<\/p>\n<p><label> Deine E-Mail-Adresse<br \/>\n<span class=\"wpcf7-form-control-wrap\" data-name=\"your-email\"><input size=\"40\" maxlength=\"400\" class=\"wpcf7-form-control wpcf7-email wpcf7-validates-as-required wpcf7-text wpcf7-validates-as-email\" autocomplete=\"email\" aria-required=\"true\" aria-invalid=\"false\" value=\"\" type=\"email\" name=\"your-email\" \/><\/span> <\/label>\n<\/p>\n<p><label> Betreff<br \/>\n<span class=\"wpcf7-form-control-wrap\" data-name=\"your-subject\"><input size=\"40\" maxlength=\"400\" class=\"wpcf7-form-control wpcf7-text wpcf7-validates-as-required\" aria-required=\"true\" aria-invalid=\"false\" value=\"\" type=\"text\" name=\"your-subject\" \/><\/span> <\/label>\n<\/p>\n<p><label> Deine Nachricht (optional)<br \/>\n<span class=\"wpcf7-form-control-wrap\" data-name=\"your-message\"><textarea cols=\"40\" rows=\"10\" maxlength=\"2000\" class=\"wpcf7-form-control wpcf7-textarea\" aria-invalid=\"false\" name=\"your-message\"><\/textarea><\/span> <\/label>\n<\/p>\n<p><input class=\"wpcf7-form-control wpcf7-submit has-spinner\" type=\"submit\" value=\"Senden\" \/>\n<\/p><div class=\"wpcf7-response-output\" aria-hidden=\"true\"><\/div>\n<\/form>\n<\/div>\n<\/div>\n","protected":false},"excerpt":{"rendered":"<p>Fir Member ze ginn, kennt Dir direkt den Bulletin d&#8217;adhesion b\u00e4i eis ufroen. Kontakt\u00e9ier den SPCPG Syndicat du Personnel Civil de la Police Grand-DucaleCit\u00e9 Polici\u00e8re Grand-Duc Henri, Complexe ARue de Tr\u00eavesL-2632 Findel<\/p>\n","protected":false},"author":1,"featured_media":0,"parent":0,"menu_order":0,"comment_status":"closed","ping_status":"closed","template":"","meta":{"footnotes":""},"class_list":["post-37","page","type-page","status-publish","hentry"],"yoast_head":"<!-- This site is optimized with the Yoast SEO plugin v27.6 - https:\/\/yoast.com\/product\/yoast-seo-wordpress\/ -->\n<title>Kontakt SPCPG - SPCPG<\/title>\n<meta name=\"robots\" content=\"index, follow, max-snippet:-1, max-image-preview:large, max-video-preview:-1\" \/>\n<link rel=\"canonical\" href=\"https:\/\/spcpg.lu\/index.php\/kontakt-spcpg\/\" \/>\n<meta property=\"og:locale\" content=\"de_DE\" \/>\n<meta property=\"og:type\" content=\"article\" \/>\n<meta property=\"og:title\" content=\"Kontakt SPCPG - SPCPG\" \/>\n<meta property=\"og:description\" content=\"Fir Member ze ginn, kennt Dir direkt den Bulletin d&#8217;adhesion b\u00e4i eis ufroen. Kontakt\u00e9ier den SPCPG Syndicat du Personnel Civil de la Police Grand-DucaleCit\u00e9 Polici\u00e8re Grand-Duc Henri, Complexe ARue de Tr\u00eavesL-2632 Findel\" \/>\n<meta property=\"og:url\" content=\"https:\/\/spcpg.lu\/index.php\/kontakt-spcpg\/\" \/>\n<meta property=\"og:site_name\" content=\"SPCPG\" \/>\n<meta property=\"article:modified_time\" content=\"2024-05-02T12:55:36+00:00\" \/>\n<meta property=\"og:image\" content=\"https:\/\/spcpg.lu\/wp-content\/uploads\/2024\/04\/contact-us-250px.jpg\" \/>\n<meta name=\"twitter:card\" content=\"summary_large_image\" \/>\n<meta name=\"twitter:label1\" content=\"Gesch\u00e4tzte Lesezeit\" \/>\n\t<meta name=\"twitter:data1\" content=\"1\u00a0Minute\" \/>\n<script type=\"application\/ld+json\" class=\"yoast-schema-graph\">{\"@context\":\"https:\\\/\\\/schema.org\",\"@graph\":[{\"@type\":\"WebPage\",\"@id\":\"https:\\\/\\\/spcpg.lu\\\/index.php\\\/kontakt-spcpg\\\/\",\"url\":\"https:\\\/\\\/spcpg.lu\\\/index.php\\\/kontakt-spcpg\\\/\",\"name\":\"Kontakt SPCPG - SPCPG\",\"isPartOf\":{\"@id\":\"https:\\\/\\\/spcpg.lu\\\/#website\"},\"primaryImageOfPage\":{\"@id\":\"https:\\\/\\\/spcpg.lu\\\/index.php\\\/kontakt-spcpg\\\/#primaryimage\"},\"image\":{\"@id\":\"https:\\\/\\\/spcpg.lu\\\/index.php\\\/kontakt-spcpg\\\/#primaryimage\"},\"thumbnailUrl\":\"https:\\\/\\\/spcpg.lu\\\/wp-content\\\/uploads\\\/2024\\\/04\\\/contact-us-250px.jpg\",\"datePublished\":\"2024-04-05T03:50:26+00:00\",\"dateModified\":\"2024-05-02T12:55:36+00:00\",\"breadcrumb\":{\"@id\":\"https:\\\/\\\/spcpg.lu\\\/index.php\\\/kontakt-spcpg\\\/#breadcrumb\"},\"inLanguage\":\"de\",\"potentialAction\":[{\"@type\":\"ReadAction\",\"target\":[\"https:\\\/\\\/spcpg.lu\\\/index.php\\\/kontakt-spcpg\\\/\"]}]},{\"@type\":\"ImageObject\",\"inLanguage\":\"de\",\"@id\":\"https:\\\/\\\/spcpg.lu\\\/index.php\\\/kontakt-spcpg\\\/#primaryimage\",\"url\":\"https:\\\/\\\/spcpg.lu\\\/wp-content\\\/uploads\\\/2024\\\/04\\\/contact-us-250px.jpg\",\"contentUrl\":\"https:\\\/\\\/spcpg.lu\\\/wp-content\\\/uploads\\\/2024\\\/04\\\/contact-us-250px.jpg\",\"width\":250,\"height\":165},{\"@type\":\"BreadcrumbList\",\"@id\":\"https:\\\/\\\/spcpg.lu\\\/index.php\\\/kontakt-spcpg\\\/#breadcrumb\",\"itemListElement\":[{\"@type\":\"ListItem\",\"position\":1,\"name\":\"Startseite\",\"item\":\"https:\\\/\\\/spcpg.lu\\\/\"},{\"@type\":\"ListItem\",\"position\":2,\"name\":\"Kontakt SPCPG\"}]},{\"@type\":\"WebSite\",\"@id\":\"https:\\\/\\\/spcpg.lu\\\/#website\",\"url\":\"https:\\\/\\\/spcpg.lu\\\/\",\"name\":\"SPCPG\",\"description\":\"Syndicat du Personnel Civil de la Police Grand-Ducale\",\"publisher\":{\"@id\":\"https:\\\/\\\/spcpg.lu\\\/#organization\"},\"potentialAction\":[{\"@type\":\"SearchAction\",\"target\":{\"@type\":\"EntryPoint\",\"urlTemplate\":\"https:\\\/\\\/spcpg.lu\\\/?s={search_term_string}\"},\"query-input\":{\"@type\":\"PropertyValueSpecification\",\"valueRequired\":true,\"valueName\":\"search_term_string\"}}],\"inLanguage\":\"de\"},{\"@type\":\"Organization\",\"@id\":\"https:\\\/\\\/spcpg.lu\\\/#organization\",\"name\":\"SPCPG\",\"url\":\"https:\\\/\\\/spcpg.lu\\\/\",\"logo\":{\"@type\":\"ImageObject\",\"inLanguage\":\"de\",\"@id\":\"https:\\\/\\\/spcpg.lu\\\/#\\\/schema\\\/logo\\\/image\\\/\",\"url\":\"https:\\\/\\\/spcpg.lu\\\/wp-content\\\/uploads\\\/2024\\\/04\\\/cropped-cropped-spcpg-1.webp\",\"contentUrl\":\"https:\\\/\\\/spcpg.lu\\\/wp-content\\\/uploads\\\/2024\\\/04\\\/cropped-cropped-spcpg-1.webp\",\"width\":424,\"height\":243,\"caption\":\"SPCPG\"},\"image\":{\"@id\":\"https:\\\/\\\/spcpg.lu\\\/#\\\/schema\\\/logo\\\/image\\\/\"}}]}<\/script>\n<!-- \/ Yoast SEO plugin. -->","yoast_head_json":{"title":"Kontakt SPCPG - SPCPG","robots":{"index":"index","follow":"follow","max-snippet":"max-snippet:-1","max-image-preview":"max-image-preview:large","max-video-preview":"max-video-preview:-1"},"canonical":"https:\/\/spcpg.lu\/index.php\/kontakt-spcpg\/","og_locale":"de_DE","og_type":"article","og_title":"Kontakt SPCPG - SPCPG","og_description":"Fir Member ze ginn, kennt Dir direkt den Bulletin d&#8217;adhesion b\u00e4i eis ufroen. Kontakt\u00e9ier den SPCPG Syndicat du Personnel Civil de la Police Grand-DucaleCit\u00e9 Polici\u00e8re Grand-Duc Henri, Complexe ARue de Tr\u00eavesL-2632 Findel","og_url":"https:\/\/spcpg.lu\/index.php\/kontakt-spcpg\/","og_site_name":"SPCPG","article_modified_time":"2024-05-02T12:55:36+00:00","og_image":[{"url":"https:\/\/spcpg.lu\/wp-content\/uploads\/2024\/04\/contact-us-250px.jpg","type":"","width":"","height":""}],"twitter_card":"summary_large_image","twitter_misc":{"Gesch\u00e4tzte Lesezeit":"1\u00a0Minute"},"schema":{"@context":"https:\/\/schema.org","@graph":[{"@type":"WebPage","@id":"https:\/\/spcpg.lu\/index.php\/kontakt-spcpg\/","url":"https:\/\/spcpg.lu\/index.php\/kontakt-spcpg\/","name":"Kontakt SPCPG - SPCPG","isPartOf":{"@id":"https:\/\/spcpg.lu\/#website"},"primaryImageOfPage":{"@id":"https:\/\/spcpg.lu\/index.php\/kontakt-spcpg\/#primaryimage"},"image":{"@id":"https:\/\/spcpg.lu\/index.php\/kontakt-spcpg\/#primaryimage"},"thumbnailUrl":"https:\/\/spcpg.lu\/wp-content\/uploads\/2024\/04\/contact-us-250px.jpg","datePublished":"2024-04-05T03:50:26+00:00","dateModified":"2024-05-02T12:55:36+00:00","breadcrumb":{"@id":"https:\/\/spcpg.lu\/index.php\/kontakt-spcpg\/#breadcrumb"},"inLanguage":"de","potentialAction":[{"@type":"ReadAction","target":["https:\/\/spcpg.lu\/index.php\/kontakt-spcpg\/"]}]},{"@type":"ImageObject","inLanguage":"de","@id":"https:\/\/spcpg.lu\/index.php\/kontakt-spcpg\/#primaryimage","url":"https:\/\/spcpg.lu\/wp-content\/uploads\/2024\/04\/contact-us-250px.jpg","contentUrl":"https:\/\/spcpg.lu\/wp-content\/uploads\/2024\/04\/contact-us-250px.jpg","width":250,"height":165},{"@type":"BreadcrumbList","@id":"https:\/\/spcpg.lu\/index.php\/kontakt-spcpg\/#breadcrumb","itemListElement":[{"@type":"ListItem","position":1,"name":"Startseite","item":"https:\/\/spcpg.lu\/"},{"@type":"ListItem","position":2,"name":"Kontakt SPCPG"}]},{"@type":"WebSite","@id":"https:\/\/spcpg.lu\/#website","url":"https:\/\/spcpg.lu\/","name":"SPCPG","description":"Syndicat du Personnel Civil de la Police Grand-Ducale","publisher":{"@id":"https:\/\/spcpg.lu\/#organization"},"potentialAction":[{"@type":"SearchAction","target":{"@type":"EntryPoint","urlTemplate":"https:\/\/spcpg.lu\/?s={search_term_string}"},"query-input":{"@type":"PropertyValueSpecification","valueRequired":true,"valueName":"search_term_string"}}],"inLanguage":"de"},{"@type":"Organization","@id":"https:\/\/spcpg.lu\/#organization","name":"SPCPG","url":"https:\/\/spcpg.lu\/","logo":{"@type":"ImageObject","inLanguage":"de","@id":"https:\/\/spcpg.lu\/#\/schema\/logo\/image\/","url":"https:\/\/spcpg.lu\/wp-content\/uploads\/2024\/04\/cropped-cropped-spcpg-1.webp","contentUrl":"https:\/\/spcpg.lu\/wp-content\/uploads\/2024\/04\/cropped-cropped-spcpg-1.webp","width":424,"height":243,"caption":"SPCPG"},"image":{"@id":"https:\/\/spcpg.lu\/#\/schema\/logo\/image\/"}}]}},"_links":{"self":[{"href":"https:\/\/spcpg.lu\/index.php\/wp-json\/wp\/v2\/pages\/37","targetHints":{"allow":["GET"]}}],"collection":[{"href":"https:\/\/spcpg.lu\/index.php\/wp-json\/wp\/v2\/pages"}],"about":[{"href":"https:\/\/spcpg.lu\/index.php\/wp-json\/wp\/v2\/types\/page"}],"author":[{"embeddable":true,"href":"https:\/\/spcpg.lu\/index.php\/wp-json\/wp\/v2\/users\/1"}],"replies":[{"embeddable":true,"href":"https:\/\/spcpg.lu\/index.php\/wp-json\/wp\/v2\/comments?post=37"}],"version-history":[{"count":5,"href":"https:\/\/spcpg.lu\/index.php\/wp-json\/wp\/v2\/pages\/37\/revisions"}],"predecessor-version":[{"id":129,"href":"https:\/\/spcpg.lu\/index.php\/wp-json\/wp\/v2\/pages\/37\/revisions\/129"}],"wp:attachment":[{"href":"https:\/\/spcpg.lu\/index.php\/wp-json\/wp\/v2\/media?parent=37"}],"curies":[{"name":"wp","href":"https:\/\/api.w.org\/{rel}","templated":true}]}}