{"id":28,"date":"2024-04-04T14:38:16","date_gmt":"2024-04-04T12:38:16","guid":{"rendered":"https:\/\/spcpg.lu\/?page_id=28"},"modified":"2025-07-22T09:42:52","modified_gmt":"2025-07-22T08:42:52","slug":"comite-spcpg","status":"publish","type":"page","link":"https:\/\/spcpg.lu\/index.php\/comite-spcpg\/","title":{"rendered":"Comit\u00e9 SPCPG"},"content":{"rendered":"\n<div class=\"wp-block-group\"><div class=\"wp-block-group__inner-container is-layout-constrained wp-block-group-is-layout-constrained\">\n<div class=\"wp-block-columns is-layout-flex wp-container-core-columns-is-layout-9d6595d7 wp-block-columns-is-layout-flex\">\n<div class=\"wp-block-column is-layout-flow wp-block-column-is-layout-flow\" style=\"flex-basis:100%\">\n<figure class=\"wp-block-table is-style-stripes\"><table><tbody><tr><td><strong>\u00a0Membres du Comit\u00e9 SPCPG 2025-2026<\/strong><\/td><td><strong>&nbsp;<\/strong> <\/td><td><strong>&nbsp;<\/strong><\/td><\/tr><tr><td><strong>Pr\u00e9sident<\/strong><br>M. Mauro STOCCO<\/td><td><img loading=\"lazy\" decoding=\"async\" width=\"150\" height=\"150\" class=\"wp-image-50\" style=\"width: 150px;\" src=\"https:\/\/spcpg.lu\/wp-content\/uploads\/2024\/04\/stocco-mauro-250px.jpg\" alt=\"\" srcset=\"https:\/\/spcpg.lu\/wp-content\/uploads\/2024\/04\/stocco-mauro-250px.jpg 250w, https:\/\/spcpg.lu\/wp-content\/uploads\/2024\/04\/stocco-mauro-250px-150x150.jpg 150w\" sizes=\"auto, (max-width: 150px) 100vw, 150px\" \/><\/td><td>&nbsp;<\/td><\/tr><tr><td><strong>Pr\u00e9sidente adjointe<\/strong><br>Mme Val\u00e9rie RIES<\/td><td><img loading=\"lazy\" decoding=\"async\" width=\"150\" height=\"185\" class=\"wp-image-49\" style=\"width: 150px;\" src=\"https:\/\/spcpg.lu\/wp-content\/uploads\/2024\/04\/ries-valerie-250px.jpg\" alt=\"\" srcset=\"https:\/\/spcpg.lu\/wp-content\/uploads\/2024\/04\/ries-valerie-250px.jpg 250w, https:\/\/spcpg.lu\/wp-content\/uploads\/2024\/04\/ries-valerie-250px-244x300.jpg 244w\" sizes=\"auto, (max-width: 150px) 100vw, 150px\" \/><\/td><td><\/td><\/tr><tr><td><strong>Secr\u00e9taire<\/strong><br>M. Alexander EYJOLFSSON<\/td><td><\/td><td><\/td><\/tr><tr><td><strong>Secr\u00e9taire adjointe<\/strong><br>Mme Carole STEFFEN<\/td><td><\/td><td>&nbsp;<\/td><\/tr><tr><td><strong><strong>Tr\u00e9sori\u00e8re<\/strong><\/strong><br>Mme Cadia HARDY<\/td><td><img loading=\"lazy\" decoding=\"async\" width=\"150\" height=\"171\" class=\"wp-image-46\" style=\"width: 150px;\" src=\"https:\/\/spcpg.lu\/wp-content\/uploads\/2024\/04\/hardy-cadia-250px.jpg\" alt=\"\"><\/td><td>&nbsp;<\/td><\/tr><tr><td><strong>D\u00e9l\u00e9gu\u00e9e \u00e0 l\u2019\u00e9galit\u00e9<\/strong><br>Mme Pascale Ney<\/td><td><\/td><td>&nbsp;<\/td><\/tr><tr><td><strong>Membre du comit\u00e9<\/strong><br>M. Pitt FISCHER<\/td><td><\/td><td>&nbsp;<\/td><\/tr><tr><td><strong>Membre du comit\u00e9<\/strong><br>Mme Jill BOHLER<\/td><td><\/td><td><\/td><\/tr><tr><td><strong>Membre du comit\u00e9<\/strong><br>M. Carlo REDING<\/td><td><img loading=\"lazy\" decoding=\"async\" width=\"150\" height=\"166\" class=\"wp-image-48\" style=\"width: 150px;\" src=\"https:\/\/spcpg.lu\/wp-content\/uploads\/2024\/04\/reding-carlo-250px.jpg\" alt=\"\"><\/td><td>&nbsp;<\/td><\/tr><tr><td><strong>Membre du comit\u00e9<\/strong><br>M. Paul WINKEL<\/td><td><img loading=\"lazy\" decoding=\"async\" width=\"150\" height=\"167\" class=\"wp-image-52\" style=\"width: 150px;\" src=\"https:\/\/spcpg.lu\/wp-content\/uploads\/2024\/04\/winkel-paul-250px.jpg\" alt=\"\"><\/td><td>&nbsp;<\/td><\/tr><tr><td><strong>Membre du comit\u00e9<\/strong><br>Arthur Rand Junior TOPPER<br><\/td><td><\/td><td><\/td><\/tr><\/tbody><\/table><\/figure>\n<\/div>\n<\/div>\n<\/div><\/div>\n","protected":false},"excerpt":{"rendered":"<p>\u00a0Membres du Comit\u00e9 SPCPG 2025-2026 &nbsp; &nbsp; Pr\u00e9sidentM. Mauro STOCCO &nbsp; Pr\u00e9sidente adjointeMme Val\u00e9rie RIES Secr\u00e9taireM. Alexander EYJOLFSSON Secr\u00e9taire adjointeMme Carole STEFFEN &nbsp; Tr\u00e9sori\u00e8reMme Cadia HARDY &nbsp; D\u00e9l\u00e9gu\u00e9e \u00e0 l\u2019\u00e9galit\u00e9Mme Pascale Ney &nbsp; Membre du &hellip;<\/p>\n","protected":false},"author":1,"featured_media":0,"parent":0,"menu_order":0,"comment_status":"closed","ping_status":"closed","template":"","meta":{"footnotes":""},"class_list":["post-28","page","type-page","status-publish","hentry"],"yoast_head":"<!-- This site is optimized with the Yoast SEO plugin v27.6 - https:\/\/yoast.com\/product\/yoast-seo-wordpress\/ -->\n<title>Comit\u00e9 SPCPG - SPCPG<\/title>\n<meta name=\"robots\" content=\"index, follow, max-snippet:-1, max-image-preview:large, max-video-preview:-1\" \/>\n<link rel=\"canonical\" href=\"https:\/\/spcpg.lu\/index.php\/comite-spcpg\/\" \/>\n<meta property=\"og:locale\" content=\"de_DE\" \/>\n<meta property=\"og:type\" content=\"article\" \/>\n<meta property=\"og:title\" content=\"Comit\u00e9 SPCPG - SPCPG\" \/>\n<meta property=\"og:description\" content=\"\u00a0Membres du Comit\u00e9 SPCPG 2025-2026 &nbsp; &nbsp; Pr\u00e9sidentM. Mauro STOCCO &nbsp; Pr\u00e9sidente adjointeMme Val\u00e9rie RIES Secr\u00e9taireM. Alexander EYJOLFSSON Secr\u00e9taire adjointeMme Carole STEFFEN &nbsp; Tr\u00e9sori\u00e8reMme Cadia HARDY &nbsp; D\u00e9l\u00e9gu\u00e9e \u00e0 l\u2019\u00e9galit\u00e9Mme Pascale Ney &nbsp; Membre du &hellip;\" \/>\n<meta property=\"og:url\" content=\"https:\/\/spcpg.lu\/index.php\/comite-spcpg\/\" \/>\n<meta property=\"og:site_name\" content=\"SPCPG\" \/>\n<meta property=\"article:modified_time\" content=\"2025-07-22T08:42:52+00:00\" \/>\n<meta property=\"og:image\" content=\"https:\/\/spcpg.lu\/wp-content\/uploads\/2024\/04\/stocco-mauro-250px.jpg\" \/>\n\t<meta property=\"og:image:width\" content=\"250\" \/>\n\t<meta property=\"og:image:height\" content=\"250\" \/>\n\t<meta property=\"og:image:type\" content=\"image\/jpeg\" \/>\n<meta name=\"twitter:card\" content=\"summary_large_image\" \/>\n<meta name=\"twitter:label1\" content=\"Gesch\u00e4tzte Lesezeit\" \/>\n\t<meta name=\"twitter:data1\" content=\"2\u00a0Minuten\" \/>\n<script type=\"application\/ld+json\" class=\"yoast-schema-graph\">{\"@context\":\"https:\\\/\\\/schema.org\",\"@graph\":[{\"@type\":\"WebPage\",\"@id\":\"https:\\\/\\\/spcpg.lu\\\/index.php\\\/comite-spcpg\\\/\",\"url\":\"https:\\\/\\\/spcpg.lu\\\/index.php\\\/comite-spcpg\\\/\",\"name\":\"Comit\u00e9 SPCPG - SPCPG\",\"isPartOf\":{\"@id\":\"https:\\\/\\\/spcpg.lu\\\/#website\"},\"primaryImageOfPage\":{\"@id\":\"https:\\\/\\\/spcpg.lu\\\/index.php\\\/comite-spcpg\\\/#primaryimage\"},\"image\":{\"@id\":\"https:\\\/\\\/spcpg.lu\\\/index.php\\\/comite-spcpg\\\/#primaryimage\"},\"thumbnailUrl\":\"https:\\\/\\\/spcpg.lu\\\/wp-content\\\/uploads\\\/2024\\\/04\\\/stocco-mauro-250px.jpg\",\"datePublished\":\"2024-04-04T12:38:16+00:00\",\"dateModified\":\"2025-07-22T08:42:52+00:00\",\"breadcrumb\":{\"@id\":\"https:\\\/\\\/spcpg.lu\\\/index.php\\\/comite-spcpg\\\/#breadcrumb\"},\"inLanguage\":\"de\",\"potentialAction\":[{\"@type\":\"ReadAction\",\"target\":[\"https:\\\/\\\/spcpg.lu\\\/index.php\\\/comite-spcpg\\\/\"]}]},{\"@type\":\"ImageObject\",\"inLanguage\":\"de\",\"@id\":\"https:\\\/\\\/spcpg.lu\\\/index.php\\\/comite-spcpg\\\/#primaryimage\",\"url\":\"https:\\\/\\\/spcpg.lu\\\/wp-content\\\/uploads\\\/2024\\\/04\\\/stocco-mauro-250px.jpg\",\"contentUrl\":\"https:\\\/\\\/spcpg.lu\\\/wp-content\\\/uploads\\\/2024\\\/04\\\/stocco-mauro-250px.jpg\",\"width\":250,\"height\":250,\"caption\":\"stocco mauro\"},{\"@type\":\"BreadcrumbList\",\"@id\":\"https:\\\/\\\/spcpg.lu\\\/index.php\\\/comite-spcpg\\\/#breadcrumb\",\"itemListElement\":[{\"@type\":\"ListItem\",\"position\":1,\"name\":\"Startseite\",\"item\":\"https:\\\/\\\/spcpg.lu\\\/\"},{\"@type\":\"ListItem\",\"position\":2,\"name\":\"Comit\u00e9 SPCPG\"}]},{\"@type\":\"WebSite\",\"@id\":\"https:\\\/\\\/spcpg.lu\\\/#website\",\"url\":\"https:\\\/\\\/spcpg.lu\\\/\",\"name\":\"SPCPG\",\"description\":\"Syndicat du Personnel Civil de la Police Grand-Ducale\",\"publisher\":{\"@id\":\"https:\\\/\\\/spcpg.lu\\\/#organization\"},\"potentialAction\":[{\"@type\":\"SearchAction\",\"target\":{\"@type\":\"EntryPoint\",\"urlTemplate\":\"https:\\\/\\\/spcpg.lu\\\/?s={search_term_string}\"},\"query-input\":{\"@type\":\"PropertyValueSpecification\",\"valueRequired\":true,\"valueName\":\"search_term_string\"}}],\"inLanguage\":\"de\"},{\"@type\":\"Organization\",\"@id\":\"https:\\\/\\\/spcpg.lu\\\/#organization\",\"name\":\"SPCPG\",\"url\":\"https:\\\/\\\/spcpg.lu\\\/\",\"logo\":{\"@type\":\"ImageObject\",\"inLanguage\":\"de\",\"@id\":\"https:\\\/\\\/spcpg.lu\\\/#\\\/schema\\\/logo\\\/image\\\/\",\"url\":\"https:\\\/\\\/spcpg.lu\\\/wp-content\\\/uploads\\\/2024\\\/04\\\/cropped-cropped-spcpg-1.webp\",\"contentUrl\":\"https:\\\/\\\/spcpg.lu\\\/wp-content\\\/uploads\\\/2024\\\/04\\\/cropped-cropped-spcpg-1.webp\",\"width\":424,\"height\":243,\"caption\":\"SPCPG\"},\"image\":{\"@id\":\"https:\\\/\\\/spcpg.lu\\\/#\\\/schema\\\/logo\\\/image\\\/\"}}]}<\/script>\n<!-- \/ Yoast SEO plugin. -->","yoast_head_json":{"title":"Comit\u00e9 SPCPG - SPCPG","robots":{"index":"index","follow":"follow","max-snippet":"max-snippet:-1","max-image-preview":"max-image-preview:large","max-video-preview":"max-video-preview:-1"},"canonical":"https:\/\/spcpg.lu\/index.php\/comite-spcpg\/","og_locale":"de_DE","og_type":"article","og_title":"Comit\u00e9 SPCPG - SPCPG","og_description":"\u00a0Membres du Comit\u00e9 SPCPG 2025-2026 &nbsp; &nbsp; Pr\u00e9sidentM. Mauro STOCCO &nbsp; Pr\u00e9sidente adjointeMme Val\u00e9rie RIES Secr\u00e9taireM. Alexander EYJOLFSSON Secr\u00e9taire adjointeMme Carole STEFFEN &nbsp; Tr\u00e9sori\u00e8reMme Cadia HARDY &nbsp; D\u00e9l\u00e9gu\u00e9e \u00e0 l\u2019\u00e9galit\u00e9Mme Pascale Ney &nbsp; Membre du &hellip;","og_url":"https:\/\/spcpg.lu\/index.php\/comite-spcpg\/","og_site_name":"SPCPG","article_modified_time":"2025-07-22T08:42:52+00:00","og_image":[{"width":250,"height":250,"url":"https:\/\/spcpg.lu\/wp-content\/uploads\/2024\/04\/stocco-mauro-250px.jpg","type":"image\/jpeg"}],"twitter_card":"summary_large_image","twitter_misc":{"Gesch\u00e4tzte Lesezeit":"2\u00a0Minuten"},"schema":{"@context":"https:\/\/schema.org","@graph":[{"@type":"WebPage","@id":"https:\/\/spcpg.lu\/index.php\/comite-spcpg\/","url":"https:\/\/spcpg.lu\/index.php\/comite-spcpg\/","name":"Comit\u00e9 SPCPG - SPCPG","isPartOf":{"@id":"https:\/\/spcpg.lu\/#website"},"primaryImageOfPage":{"@id":"https:\/\/spcpg.lu\/index.php\/comite-spcpg\/#primaryimage"},"image":{"@id":"https:\/\/spcpg.lu\/index.php\/comite-spcpg\/#primaryimage"},"thumbnailUrl":"https:\/\/spcpg.lu\/wp-content\/uploads\/2024\/04\/stocco-mauro-250px.jpg","datePublished":"2024-04-04T12:38:16+00:00","dateModified":"2025-07-22T08:42:52+00:00","breadcrumb":{"@id":"https:\/\/spcpg.lu\/index.php\/comite-spcpg\/#breadcrumb"},"inLanguage":"de","potentialAction":[{"@type":"ReadAction","target":["https:\/\/spcpg.lu\/index.php\/comite-spcpg\/"]}]},{"@type":"ImageObject","inLanguage":"de","@id":"https:\/\/spcpg.lu\/index.php\/comite-spcpg\/#primaryimage","url":"https:\/\/spcpg.lu\/wp-content\/uploads\/2024\/04\/stocco-mauro-250px.jpg","contentUrl":"https:\/\/spcpg.lu\/wp-content\/uploads\/2024\/04\/stocco-mauro-250px.jpg","width":250,"height":250,"caption":"stocco mauro"},{"@type":"BreadcrumbList","@id":"https:\/\/spcpg.lu\/index.php\/comite-spcpg\/#breadcrumb","itemListElement":[{"@type":"ListItem","position":1,"name":"Startseite","item":"https:\/\/spcpg.lu\/"},{"@type":"ListItem","position":2,"name":"Comit\u00e9 SPCPG"}]},{"@type":"WebSite","@id":"https:\/\/spcpg.lu\/#website","url":"https:\/\/spcpg.lu\/","name":"SPCPG","description":"Syndicat du Personnel Civil de la Police Grand-Ducale","publisher":{"@id":"https:\/\/spcpg.lu\/#organization"},"potentialAction":[{"@type":"SearchAction","target":{"@type":"EntryPoint","urlTemplate":"https:\/\/spcpg.lu\/?s={search_term_string}"},"query-input":{"@type":"PropertyValueSpecification","valueRequired":true,"valueName":"search_term_string"}}],"inLanguage":"de"},{"@type":"Organization","@id":"https:\/\/spcpg.lu\/#organization","name":"SPCPG","url":"https:\/\/spcpg.lu\/","logo":{"@type":"ImageObject","inLanguage":"de","@id":"https:\/\/spcpg.lu\/#\/schema\/logo\/image\/","url":"https:\/\/spcpg.lu\/wp-content\/uploads\/2024\/04\/cropped-cropped-spcpg-1.webp","contentUrl":"https:\/\/spcpg.lu\/wp-content\/uploads\/2024\/04\/cropped-cropped-spcpg-1.webp","width":424,"height":243,"caption":"SPCPG"},"image":{"@id":"https:\/\/spcpg.lu\/#\/schema\/logo\/image\/"}}]}},"_links":{"self":[{"href":"https:\/\/spcpg.lu\/index.php\/wp-json\/wp\/v2\/pages\/28","targetHints":{"allow":["GET"]}}],"collection":[{"href":"https:\/\/spcpg.lu\/index.php\/wp-json\/wp\/v2\/pages"}],"about":[{"href":"https:\/\/spcpg.lu\/index.php\/wp-json\/wp\/v2\/types\/page"}],"author":[{"embeddable":true,"href":"https:\/\/spcpg.lu\/index.php\/wp-json\/wp\/v2\/users\/1"}],"replies":[{"embeddable":true,"href":"https:\/\/spcpg.lu\/index.php\/wp-json\/wp\/v2\/comments?post=28"}],"version-history":[{"count":19,"href":"https:\/\/spcpg.lu\/index.php\/wp-json\/wp\/v2\/pages\/28\/revisions"}],"predecessor-version":[{"id":175,"href":"https:\/\/spcpg.lu\/index.php\/wp-json\/wp\/v2\/pages\/28\/revisions\/175"}],"wp:attachment":[{"href":"https:\/\/spcpg.lu\/index.php\/wp-json\/wp\/v2\/media?parent=28"}],"curies":[{"name":"wp","href":"https:\/\/api.w.org\/{rel}","templated":true}]}}