{"id":101,"date":"2024-04-15T17:02:41","date_gmt":"2024-04-15T15:02:41","guid":{"rendered":"https:\/\/spcpg.lu\/?page_id=101"},"modified":"2024-04-15T17:10:15","modified_gmt":"2024-04-15T15:10:15","slug":"bienvenue","status":"publish","type":"page","link":"https:\/\/spcpg.lu\/index.php\/bienvenue\/","title":{"rendered":"Bienvenue"},"content":{"rendered":"\n<figure class=\"wp-block-image\"><img decoding=\"async\" src=\"https:\/\/spcpg.lu\/wp-content\/uploads\/2024\/04\/spcpg.webp\" alt=\"\" class=\"wp-image-9\"\/><\/figure>\n\n\n\n<p>Le SPCPG existe dans sa forme actuelle depuis 2002. L&#8217;objectif du syndicat est de repr\u00e9senter les int\u00e9r\u00eats professionnels du personnel civil de la Police Grand-Ducale, ind\u00e9pendamment de la carri\u00e8re et du grade.<\/p>\n\n\n\n<p>En 1995, la premi\u00e8re repr\u00e9sentation du personnel a \u00e9t\u00e9 cr\u00e9\u00e9e dans ce sens. L&#8217;Association du Personnel Civil de la Gendarmerie et de la Police (APCGP) est le pr\u00e9d\u00e9cesseur du SPCPG actuel. Apr\u00e8s la fusion de la Gendarmerie et de la Police en 2000, le nom de l&#8217;association a \u00e9galement \u00e9t\u00e9 modifi\u00e9 pour devenir Association du Personnel Civil de la Police Grand-Ducale (APCPG). Les statuts n&#8217;ont pas chang\u00e9, except\u00e9 pour le nom, et l&#8217;objectif est rest\u00e9 le m\u00eame.<\/p>\n\n\n\n<p>En 2002, l&#8217;APCPG est devenue le Syndicat du Personnel Civil de la Police Grand-Ducale (SPCPG).<\/p>\n\n\n\n<div class=\"column\"><a href=\"index.php\"><img decoding=\"async\" style=\"width: 10%;\" src=\"https:\/\/spcpg.lu\/wp-content\/uploads\/2024\/04\/luxembourg-flag-png-large.jpg\" alt=\"Luxembourgish\"><\/a>&nbsp; <a href=\"index.php\/willkommen\"><img decoding=\"async\" style=\"width: 10%;\" src=\"https:\/\/spcpg.lu\/wp-content\/uploads\/2024\/04\/germany-flag-png-large.jpg\" alt=\"German\"><\/a>&nbsp; <a href=\"index.php\/bienvenue\"><img decoding=\"async\" style=\"width: 10%;\" src=\"https:\/\/spcpg.lu\/wp-content\/uploads\/2024\/04\/france-flag-png-large.jpg\" alt=\"French\"><\/a><\/div>\n","protected":false},"excerpt":{"rendered":"<p>Le SPCPG existe dans sa forme actuelle depuis 2002. L&#8217;objectif du syndicat est de repr\u00e9senter les int\u00e9r\u00eats professionnels du personnel civil de la Police Grand-Ducale, ind\u00e9pendamment de la carri\u00e8re et du grade. En 1995, la &hellip;<\/p>\n","protected":false},"author":2,"featured_media":0,"parent":0,"menu_order":0,"comment_status":"closed","ping_status":"closed","template":"","meta":{"footnotes":""},"class_list":["post-101","page","type-page","status-publish","hentry"],"yoast_head":"<!-- This site is optimized with the Yoast SEO plugin v27.6 - https:\/\/yoast.com\/product\/yoast-seo-wordpress\/ -->\n<title>Bienvenue - SPCPG<\/title>\n<meta name=\"robots\" content=\"index, follow, max-snippet:-1, max-image-preview:large, max-video-preview:-1\" \/>\n<link rel=\"canonical\" href=\"https:\/\/spcpg.lu\/index.php\/bienvenue\/\" \/>\n<meta property=\"og:locale\" content=\"de_DE\" \/>\n<meta property=\"og:type\" content=\"article\" \/>\n<meta property=\"og:title\" content=\"Bienvenue - SPCPG\" \/>\n<meta property=\"og:description\" content=\"Le SPCPG existe dans sa forme actuelle depuis 2002. L&#8217;objectif du syndicat est de repr\u00e9senter les int\u00e9r\u00eats professionnels du personnel civil de la Police Grand-Ducale, ind\u00e9pendamment de la carri\u00e8re et du grade. En 1995, la &hellip;\" \/>\n<meta property=\"og:url\" content=\"https:\/\/spcpg.lu\/index.php\/bienvenue\/\" \/>\n<meta property=\"og:site_name\" content=\"SPCPG\" \/>\n<meta property=\"article:modified_time\" content=\"2024-04-15T15:10:15+00:00\" \/>\n<meta property=\"og:image\" content=\"https:\/\/spcpg.lu\/wp-content\/uploads\/2024\/04\/spcpg.webp\" \/>\n<meta name=\"twitter:card\" content=\"summary_large_image\" \/>\n<meta name=\"twitter:label1\" content=\"Gesch\u00e4tzte Lesezeit\" \/>\n\t<meta name=\"twitter:data1\" content=\"2\u00a0Minuten\" \/>\n<script type=\"application\/ld+json\" class=\"yoast-schema-graph\">{\"@context\":\"https:\\\/\\\/schema.org\",\"@graph\":[{\"@type\":\"WebPage\",\"@id\":\"https:\\\/\\\/spcpg.lu\\\/index.php\\\/bienvenue\\\/\",\"url\":\"https:\\\/\\\/spcpg.lu\\\/index.php\\\/bienvenue\\\/\",\"name\":\"Bienvenue - SPCPG\",\"isPartOf\":{\"@id\":\"https:\\\/\\\/spcpg.lu\\\/#website\"},\"primaryImageOfPage\":{\"@id\":\"https:\\\/\\\/spcpg.lu\\\/index.php\\\/bienvenue\\\/#primaryimage\"},\"image\":{\"@id\":\"https:\\\/\\\/spcpg.lu\\\/index.php\\\/bienvenue\\\/#primaryimage\"},\"thumbnailUrl\":\"https:\\\/\\\/spcpg.lu\\\/wp-content\\\/uploads\\\/2024\\\/04\\\/spcpg.webp\",\"datePublished\":\"2024-04-15T15:02:41+00:00\",\"dateModified\":\"2024-04-15T15:10:15+00:00\",\"breadcrumb\":{\"@id\":\"https:\\\/\\\/spcpg.lu\\\/index.php\\\/bienvenue\\\/#breadcrumb\"},\"inLanguage\":\"de\",\"potentialAction\":[{\"@type\":\"ReadAction\",\"target\":[\"https:\\\/\\\/spcpg.lu\\\/index.php\\\/bienvenue\\\/\"]}]},{\"@type\":\"ImageObject\",\"inLanguage\":\"de\",\"@id\":\"https:\\\/\\\/spcpg.lu\\\/index.php\\\/bienvenue\\\/#primaryimage\",\"url\":\"\",\"contentUrl\":\"\"},{\"@type\":\"BreadcrumbList\",\"@id\":\"https:\\\/\\\/spcpg.lu\\\/index.php\\\/bienvenue\\\/#breadcrumb\",\"itemListElement\":[{\"@type\":\"ListItem\",\"position\":1,\"name\":\"Startseite\",\"item\":\"https:\\\/\\\/spcpg.lu\\\/\"},{\"@type\":\"ListItem\",\"position\":2,\"name\":\"Bienvenue\"}]},{\"@type\":\"WebSite\",\"@id\":\"https:\\\/\\\/spcpg.lu\\\/#website\",\"url\":\"https:\\\/\\\/spcpg.lu\\\/\",\"name\":\"SPCPG\",\"description\":\"Syndicat du Personnel Civil de la Police Grand-Ducale\",\"publisher\":{\"@id\":\"https:\\\/\\\/spcpg.lu\\\/#organization\"},\"potentialAction\":[{\"@type\":\"SearchAction\",\"target\":{\"@type\":\"EntryPoint\",\"urlTemplate\":\"https:\\\/\\\/spcpg.lu\\\/?s={search_term_string}\"},\"query-input\":{\"@type\":\"PropertyValueSpecification\",\"valueRequired\":true,\"valueName\":\"search_term_string\"}}],\"inLanguage\":\"de\"},{\"@type\":\"Organization\",\"@id\":\"https:\\\/\\\/spcpg.lu\\\/#organization\",\"name\":\"SPCPG\",\"url\":\"https:\\\/\\\/spcpg.lu\\\/\",\"logo\":{\"@type\":\"ImageObject\",\"inLanguage\":\"de\",\"@id\":\"https:\\\/\\\/spcpg.lu\\\/#\\\/schema\\\/logo\\\/image\\\/\",\"url\":\"https:\\\/\\\/spcpg.lu\\\/wp-content\\\/uploads\\\/2024\\\/04\\\/cropped-cropped-spcpg-1.webp\",\"contentUrl\":\"https:\\\/\\\/spcpg.lu\\\/wp-content\\\/uploads\\\/2024\\\/04\\\/cropped-cropped-spcpg-1.webp\",\"width\":424,\"height\":243,\"caption\":\"SPCPG\"},\"image\":{\"@id\":\"https:\\\/\\\/spcpg.lu\\\/#\\\/schema\\\/logo\\\/image\\\/\"}}]}<\/script>\n<!-- \/ Yoast SEO plugin. -->","yoast_head_json":{"title":"Bienvenue - SPCPG","robots":{"index":"index","follow":"follow","max-snippet":"max-snippet:-1","max-image-preview":"max-image-preview:large","max-video-preview":"max-video-preview:-1"},"canonical":"https:\/\/spcpg.lu\/index.php\/bienvenue\/","og_locale":"de_DE","og_type":"article","og_title":"Bienvenue - SPCPG","og_description":"Le SPCPG existe dans sa forme actuelle depuis 2002. L&#8217;objectif du syndicat est de repr\u00e9senter les int\u00e9r\u00eats professionnels du personnel civil de la Police Grand-Ducale, ind\u00e9pendamment de la carri\u00e8re et du grade. En 1995, la &hellip;","og_url":"https:\/\/spcpg.lu\/index.php\/bienvenue\/","og_site_name":"SPCPG","article_modified_time":"2024-04-15T15:10:15+00:00","og_image":[{"url":"https:\/\/spcpg.lu\/wp-content\/uploads\/2024\/04\/spcpg.webp","type":"","width":"","height":""}],"twitter_card":"summary_large_image","twitter_misc":{"Gesch\u00e4tzte Lesezeit":"2\u00a0Minuten"},"schema":{"@context":"https:\/\/schema.org","@graph":[{"@type":"WebPage","@id":"https:\/\/spcpg.lu\/index.php\/bienvenue\/","url":"https:\/\/spcpg.lu\/index.php\/bienvenue\/","name":"Bienvenue - SPCPG","isPartOf":{"@id":"https:\/\/spcpg.lu\/#website"},"primaryImageOfPage":{"@id":"https:\/\/spcpg.lu\/index.php\/bienvenue\/#primaryimage"},"image":{"@id":"https:\/\/spcpg.lu\/index.php\/bienvenue\/#primaryimage"},"thumbnailUrl":"https:\/\/spcpg.lu\/wp-content\/uploads\/2024\/04\/spcpg.webp","datePublished":"2024-04-15T15:02:41+00:00","dateModified":"2024-04-15T15:10:15+00:00","breadcrumb":{"@id":"https:\/\/spcpg.lu\/index.php\/bienvenue\/#breadcrumb"},"inLanguage":"de","potentialAction":[{"@type":"ReadAction","target":["https:\/\/spcpg.lu\/index.php\/bienvenue\/"]}]},{"@type":"ImageObject","inLanguage":"de","@id":"https:\/\/spcpg.lu\/index.php\/bienvenue\/#primaryimage","url":"","contentUrl":""},{"@type":"BreadcrumbList","@id":"https:\/\/spcpg.lu\/index.php\/bienvenue\/#breadcrumb","itemListElement":[{"@type":"ListItem","position":1,"name":"Startseite","item":"https:\/\/spcpg.lu\/"},{"@type":"ListItem","position":2,"name":"Bienvenue"}]},{"@type":"WebSite","@id":"https:\/\/spcpg.lu\/#website","url":"https:\/\/spcpg.lu\/","name":"SPCPG","description":"Syndicat du Personnel Civil de la Police Grand-Ducale","publisher":{"@id":"https:\/\/spcpg.lu\/#organization"},"potentialAction":[{"@type":"SearchAction","target":{"@type":"EntryPoint","urlTemplate":"https:\/\/spcpg.lu\/?s={search_term_string}"},"query-input":{"@type":"PropertyValueSpecification","valueRequired":true,"valueName":"search_term_string"}}],"inLanguage":"de"},{"@type":"Organization","@id":"https:\/\/spcpg.lu\/#organization","name":"SPCPG","url":"https:\/\/spcpg.lu\/","logo":{"@type":"ImageObject","inLanguage":"de","@id":"https:\/\/spcpg.lu\/#\/schema\/logo\/image\/","url":"https:\/\/spcpg.lu\/wp-content\/uploads\/2024\/04\/cropped-cropped-spcpg-1.webp","contentUrl":"https:\/\/spcpg.lu\/wp-content\/uploads\/2024\/04\/cropped-cropped-spcpg-1.webp","width":424,"height":243,"caption":"SPCPG"},"image":{"@id":"https:\/\/spcpg.lu\/#\/schema\/logo\/image\/"}}]}},"_links":{"self":[{"href":"https:\/\/spcpg.lu\/index.php\/wp-json\/wp\/v2\/pages\/101","targetHints":{"allow":["GET"]}}],"collection":[{"href":"https:\/\/spcpg.lu\/index.php\/wp-json\/wp\/v2\/pages"}],"about":[{"href":"https:\/\/spcpg.lu\/index.php\/wp-json\/wp\/v2\/types\/page"}],"author":[{"embeddable":true,"href":"https:\/\/spcpg.lu\/index.php\/wp-json\/wp\/v2\/users\/2"}],"replies":[{"embeddable":true,"href":"https:\/\/spcpg.lu\/index.php\/wp-json\/wp\/v2\/comments?post=101"}],"version-history":[{"count":4,"href":"https:\/\/spcpg.lu\/index.php\/wp-json\/wp\/v2\/pages\/101\/revisions"}],"predecessor-version":[{"id":110,"href":"https:\/\/spcpg.lu\/index.php\/wp-json\/wp\/v2\/pages\/101\/revisions\/110"}],"wp:attachment":[{"href":"https:\/\/spcpg.lu\/index.php\/wp-json\/wp\/v2\/media?parent=101"}],"curies":[{"name":"wp","href":"https:\/\/api.w.org\/{rel}","templated":true}]}}